{"id":481,"date":"2024-03-27T15:45:47","date_gmt":"2024-03-27T15:45:47","guid":{"rendered":"https:\/\/elixir-medicalwellness-hotel.ms2.decms.eu\/?page_id=481"},"modified":"2024-03-27T15:53:45","modified_gmt":"2024-03-27T15:53:45","slug":"znamenitosti","status":"publish","type":"page","link":"https:\/\/www.elixirhotel.hu\/sr\/slobodne-aktivnosti\/znamenitosti\/","title":{"rendered":"Znamenitosti"},"content":{"rendered":"<p>Znamenitosti Morahaloma i njegov bogat program nude rekreaciju za sve \u010dlanove porodice tokom cele godine. Zdravstvene usluge banje Szent Erzsebet Morahalom su neophodne za one koji \u017eele da se oporave. Ljubitelji aktivne rekreacije mogu da upoznaju na\u0161e kulturno-istorijsko nasle\u0111e u okolini, a izlet u prirodu je jedinstvena prilika za punjenje energije za sve.<\/p>\n","protected":false},"excerpt":{"rendered":"<p>Znamenitosti Morahaloma i njegov bogat program nude rekreaciju za sve \u010dlanove porodice tokom cele godine. Zdravstvene usluge banje Szent Erzsebet Morahalom su neophodne za one koji \u017eele da se oporave. Ljubitelji aktivne rekreacije mogu da upoznaju na\u0161e kulturno-istorijsko nasle\u0111e u okolini, a izlet u prirodu je jedinstvena prilika za punjenje energije za sve.<\/p>\n","protected":false},"author":8,"featured_media":0,"parent":473,"menu_order":0,"comment_status":"closed","ping_status":"closed","template":"","meta":{"footnotes":""},"yoast_head":"<!-- This site is optimized with the Yoast SEO plugin v22.3 - https:\/\/yoast.com\/wordpress\/plugins\/seo\/ -->\n<title>Znamenitosti &#8212; Elix\u00edr Medical Wellness Hotel &#8212;<\/title>\n<meta name=\"description\" content=\"Znamenitosti Morahaloma i njegov bogat program nude rekreaciju za sve \u010dlanove porodice tokom cele godine. Zdravstvene usluge banje Szent Erzsebet Morahalom su neophodne za one koji \u017eele da se oporave\" \/>\n<meta name=\"robots\" content=\"index, follow, max-snippet:-1, max-image-preview:large, max-video-preview:-1\" \/>\n<link rel=\"canonical\" href=\"https:\/\/www.elixirhotel.hu\/sr\/slobodne-aktivnosti\/znamenitosti\/\" \/>\n<meta property=\"og:locale\" content=\"sr_RS\" \/>\n<meta property=\"og:type\" content=\"article\" \/>\n<meta property=\"og:title\" content=\"Znamenitosti &#8212; Elix\u00edr Medical Wellness Hotel &#8212;\" \/>\n<meta property=\"og:description\" content=\"Znamenitosti Morahaloma i njegov bogat program nude rekreaciju za sve \u010dlanove porodice tokom cele godine. Zdravstvene usluge banje Szent Erzsebet Morahalom su neophodne za one koji \u017eele da se oporave\" \/>\n<meta property=\"og:url\" content=\"https:\/\/www.elixirhotel.hu\/sr\/slobodne-aktivnosti\/znamenitosti\/\" \/>\n<meta property=\"og:site_name\" content=\"Elix\u00edr Medical Wellness Hotel\" \/>\n<meta property=\"article:publisher\" content=\"https:\/\/www.facebook.com\/elixirhotel\/\" \/>\n<meta property=\"article:modified_time\" content=\"2024-03-27T15:53:45+00:00\" \/>\n<meta name=\"twitter:card\" content=\"summary_large_image\" \/>\n<meta name=\"twitter:label1\" content=\"\u041f\u0440\u043e\u0446\u0435\u045a\u0435\u043d\u043e \u0432\u0440\u0435\u043c\u0435 \u0447\u0438\u0442\u0430\u045a\u0430\" \/>\n\t<meta name=\"twitter:data1\" content=\"1 \u043c\u0438\u043d\u0443\u0442\" \/>\n<script type=\"application\/ld+json\" class=\"yoast-schema-graph\">{\"@context\":\"https:\/\/schema.org\",\"@graph\":[{\"@type\":\"WebPage\",\"@id\":\"https:\/\/www.elixirhotel.hu\/sr\/slobodne-aktivnosti\/znamenitosti\/\",\"url\":\"https:\/\/www.elixirhotel.hu\/sr\/slobodne-aktivnosti\/znamenitosti\/\",\"name\":\"Znamenitosti &#8212; Elix\u00edr Medical Wellness Hotel &#8212;\",\"isPartOf\":{\"@id\":\"https:\/\/www.elixirhotel.hu\/sr\/#website\"},\"datePublished\":\"2024-03-27T15:45:47+00:00\",\"dateModified\":\"2024-03-27T15:53:45+00:00\",\"description\":\"Znamenitosti Morahaloma i njegov bogat program nude rekreaciju za sve \u010dlanove porodice tokom cele godine. Zdravstvene usluge banje Szent Erzsebet Morahalom su neophodne za one koji \u017eele da se oporave\",\"breadcrumb\":{\"@id\":\"https:\/\/www.elixirhotel.hu\/sr\/slobodne-aktivnosti\/znamenitosti\/#breadcrumb\"},\"inLanguage\":\"sr-RS\",\"potentialAction\":[{\"@type\":\"ReadAction\",\"target\":[\"https:\/\/www.elixirhotel.hu\/sr\/slobodne-aktivnosti\/znamenitosti\/\"]}]},{\"@type\":\"BreadcrumbList\",\"@id\":\"https:\/\/www.elixirhotel.hu\/sr\/slobodne-aktivnosti\/znamenitosti\/#breadcrumb\",\"itemListElement\":[{\"@type\":\"ListItem\",\"position\":1,\"name\":\"Home\",\"item\":\"https:\/\/www.elixirhotel.hu\/sr\/elixir-medical-wellness-hotel\/\"},{\"@type\":\"ListItem\",\"position\":2,\"name\":\"Slobodne Aktivnosti\",\"item\":\"https:\/\/www.elixirhotel.hu\/sr\/elmenyszerzes\/\"},{\"@type\":\"ListItem\",\"position\":3,\"name\":\"Znamenitosti\"}]},{\"@type\":\"WebSite\",\"@id\":\"https:\/\/www.elixirhotel.hu\/sr\/#website\",\"url\":\"https:\/\/www.elixirhotel.hu\/sr\/\",\"name\":\"Elix\u00edr Medical Wellness Hotel\",\"description\":\"\",\"publisher\":{\"@id\":\"https:\/\/www.elixirhotel.hu\/sr\/#organization\"},\"potentialAction\":[{\"@type\":\"SearchAction\",\"target\":{\"@type\":\"EntryPoint\",\"urlTemplate\":\"https:\/\/www.elixirhotel.hu\/sr\/?s={search_term_string}\"},\"query-input\":\"required name=search_term_string\"}],\"inLanguage\":\"sr-RS\"},{\"@type\":\"Organization\",\"@id\":\"https:\/\/www.elixirhotel.hu\/sr\/#organization\",\"name\":\"Elix\u00edr Medical Wellness Hotel\",\"url\":\"https:\/\/www.elixirhotel.hu\/sr\/\",\"logo\":{\"@type\":\"ImageObject\",\"inLanguage\":\"sr-RS\",\"@id\":\"https:\/\/www.elixirhotel.hu\/sr\/#\/schema\/logo\/image\/\",\"url\":\"https:\/\/elixir-medicalwellness-hotel.ms2.decms.eu\/wp-content\/uploads\/sites\/99\/2024\/04\/logo-elixir-medical-hotel.png\",\"contentUrl\":\"https:\/\/elixir-medicalwellness-hotel.ms2.decms.eu\/wp-content\/uploads\/sites\/99\/2024\/04\/logo-elixir-medical-hotel.png\",\"width\":1714,\"height\":800,\"caption\":\"Elix\u00edr Medical Wellness Hotel\"},\"image\":{\"@id\":\"https:\/\/www.elixirhotel.hu\/sr\/#\/schema\/logo\/image\/\"},\"sameAs\":[\"https:\/\/www.facebook.com\/elixirhotel\/\",\"https:\/\/www.youtube.com\/@elixirhotel9201\",\"https:\/\/www.instagram.com\/elixirhotel\/\"]}]}<\/script>\n<!-- \/ Yoast SEO plugin. -->","yoast_head_json":{"title":"Znamenitosti &#8212; Elix\u00edr Medical Wellness Hotel &#8212;","description":"Znamenitosti Morahaloma i njegov bogat program nude rekreaciju za sve \u010dlanove porodice tokom cele godine. Zdravstvene usluge banje Szent Erzsebet Morahalom su neophodne za one koji \u017eele da se oporave","robots":{"index":"index","follow":"follow","max-snippet":"max-snippet:-1","max-image-preview":"max-image-preview:large","max-video-preview":"max-video-preview:-1"},"canonical":"https:\/\/www.elixirhotel.hu\/sr\/slobodne-aktivnosti\/znamenitosti\/","og_locale":"sr_RS","og_type":"article","og_title":"Znamenitosti &#8212; Elix\u00edr Medical Wellness Hotel &#8212;","og_description":"Znamenitosti Morahaloma i njegov bogat program nude rekreaciju za sve \u010dlanove porodice tokom cele godine. Zdravstvene usluge banje Szent Erzsebet Morahalom su neophodne za one koji \u017eele da se oporave","og_url":"https:\/\/www.elixirhotel.hu\/sr\/slobodne-aktivnosti\/znamenitosti\/","og_site_name":"Elix\u00edr Medical Wellness Hotel","article_publisher":"https:\/\/www.facebook.com\/elixirhotel\/","article_modified_time":"2024-03-27T15:53:45+00:00","twitter_card":"summary_large_image","twitter_misc":{"\u041f\u0440\u043e\u0446\u0435\u045a\u0435\u043d\u043e \u0432\u0440\u0435\u043c\u0435 \u0447\u0438\u0442\u0430\u045a\u0430":"1 \u043c\u0438\u043d\u0443\u0442"},"schema":{"@context":"https:\/\/schema.org","@graph":[{"@type":"WebPage","@id":"https:\/\/www.elixirhotel.hu\/sr\/slobodne-aktivnosti\/znamenitosti\/","url":"https:\/\/www.elixirhotel.hu\/sr\/slobodne-aktivnosti\/znamenitosti\/","name":"Znamenitosti &#8212; Elix\u00edr Medical Wellness Hotel &#8212;","isPartOf":{"@id":"https:\/\/www.elixirhotel.hu\/sr\/#website"},"datePublished":"2024-03-27T15:45:47+00:00","dateModified":"2024-03-27T15:53:45+00:00","description":"Znamenitosti Morahaloma i njegov bogat program nude rekreaciju za sve \u010dlanove porodice tokom cele godine. Zdravstvene usluge banje Szent Erzsebet Morahalom su neophodne za one koji \u017eele da se oporave","breadcrumb":{"@id":"https:\/\/www.elixirhotel.hu\/sr\/slobodne-aktivnosti\/znamenitosti\/#breadcrumb"},"inLanguage":"sr-RS","potentialAction":[{"@type":"ReadAction","target":["https:\/\/www.elixirhotel.hu\/sr\/slobodne-aktivnosti\/znamenitosti\/"]}]},{"@type":"BreadcrumbList","@id":"https:\/\/www.elixirhotel.hu\/sr\/slobodne-aktivnosti\/znamenitosti\/#breadcrumb","itemListElement":[{"@type":"ListItem","position":1,"name":"Home","item":"https:\/\/www.elixirhotel.hu\/sr\/elixir-medical-wellness-hotel\/"},{"@type":"ListItem","position":2,"name":"Slobodne Aktivnosti","item":"https:\/\/www.elixirhotel.hu\/sr\/elmenyszerzes\/"},{"@type":"ListItem","position":3,"name":"Znamenitosti"}]},{"@type":"WebSite","@id":"https:\/\/www.elixirhotel.hu\/sr\/#website","url":"https:\/\/www.elixirhotel.hu\/sr\/","name":"Elix\u00edr Medical Wellness Hotel","description":"","publisher":{"@id":"https:\/\/www.elixirhotel.hu\/sr\/#organization"},"potentialAction":[{"@type":"SearchAction","target":{"@type":"EntryPoint","urlTemplate":"https:\/\/www.elixirhotel.hu\/sr\/?s={search_term_string}"},"query-input":"required name=search_term_string"}],"inLanguage":"sr-RS"},{"@type":"Organization","@id":"https:\/\/www.elixirhotel.hu\/sr\/#organization","name":"Elix\u00edr Medical Wellness Hotel","url":"https:\/\/www.elixirhotel.hu\/sr\/","logo":{"@type":"ImageObject","inLanguage":"sr-RS","@id":"https:\/\/www.elixirhotel.hu\/sr\/#\/schema\/logo\/image\/","url":"https:\/\/elixir-medicalwellness-hotel.ms2.decms.eu\/wp-content\/uploads\/sites\/99\/2024\/04\/logo-elixir-medical-hotel.png","contentUrl":"https:\/\/elixir-medicalwellness-hotel.ms2.decms.eu\/wp-content\/uploads\/sites\/99\/2024\/04\/logo-elixir-medical-hotel.png","width":1714,"height":800,"caption":"Elix\u00edr Medical Wellness Hotel"},"image":{"@id":"https:\/\/www.elixirhotel.hu\/sr\/#\/schema\/logo\/image\/"},"sameAs":["https:\/\/www.facebook.com\/elixirhotel\/","https:\/\/www.youtube.com\/@elixirhotel9201","https:\/\/www.instagram.com\/elixirhotel\/"]}]}},"acf":[],"_links":{"self":[{"href":"https:\/\/www.elixirhotel.hu\/sr\/wp-json\/wp\/v2\/pages\/481"}],"collection":[{"href":"https:\/\/www.elixirhotel.hu\/sr\/wp-json\/wp\/v2\/pages"}],"about":[{"href":"https:\/\/www.elixirhotel.hu\/sr\/wp-json\/wp\/v2\/types\/page"}],"author":[{"embeddable":true,"href":"https:\/\/www.elixirhotel.hu\/sr\/wp-json\/wp\/v2\/users\/8"}],"replies":[{"embeddable":true,"href":"https:\/\/www.elixirhotel.hu\/sr\/wp-json\/wp\/v2\/comments?post=481"}],"version-history":[{"count":0,"href":"https:\/\/www.elixirhotel.hu\/sr\/wp-json\/wp\/v2\/pages\/481\/revisions"}],"up":[{"embeddable":true,"href":"https:\/\/www.elixirhotel.hu\/sr\/wp-json\/wp\/v2\/pages\/473"}],"wp:attachment":[{"href":"https:\/\/www.elixirhotel.hu\/sr\/wp-json\/wp\/v2\/media?parent=481"}],"curies":[{"name":"wp","href":"https:\/\/api.w.org\/{rel}","templated":true}]}}