{"id":341,"date":"2024-02-20T15:01:10","date_gmt":"2024-02-20T15:01:10","guid":{"rendered":"https:\/\/elixir-medicalwellness-hotel.ms2.decms.eu\/?page_id=341"},"modified":"2024-03-21T14:49:04","modified_gmt":"2024-03-21T14:49:04","slug":"elixirev-ekskluzivni-program","status":"publish","type":"page","link":"https:\/\/www.elixirhotel.hu\/sr\/elixirev-ekskluzivni-program\/","title":{"rendered":"Elixirev Ekskluzivni Program"},"content":{"rendered":"<p style=\"text-align: center;\">Opu\u0161tanje i relaksacija u poznatom okru\u017eenju pru\u017ea smiruju\u0107i ose\u0107aj uz pru\u017eanje visokog kvaliteta na koji ste ve\u0107 navikli. Soba i bazen na koji smo navikli kao i stol koji preferiramo pru\u017eaju na\u0161oj porodici doma\u0107insku atmosferu.<\/p>\n<p style=\"text-align: center;\">Gostima koji nam se vra\u0107aju, koji bi i u budu\u0107e voleli da u\u017eivaju u relaksaciji koju pru\u017ea na\u0161 hotel sa Elixir Ekskluzivnim Programom \u017eelimo pru\u017eit poseban ugo\u0111aj.<\/p>\n","protected":false},"excerpt":{"rendered":"<p>Opu\u0161tanje i relaksacija u poznatom okru\u017eenju pru\u017ea smiruju\u0107i ose\u0107aj uz pru\u017eanje visokog kvaliteta na koji ste ve\u0107 navikli. Soba i bazen na koji smo navikli kao i stol koji preferiramo pru\u017eaju na\u0161oj porodici doma\u0107insku atmosferu. Gostima koji nam se vra\u0107aju, koji bi i u budu\u0107e voleli da u\u017eivaju u relaksaciji koju pru\u017ea na\u0161 hotel sa [&hellip;]<\/p>\n","protected":false},"author":8,"featured_media":0,"parent":0,"menu_order":2,"comment_status":"closed","ping_status":"closed","template":"template-default-4.php","meta":{"footnotes":""},"yoast_head":"<!-- This site is optimized with the Yoast SEO plugin v22.3 - https:\/\/yoast.com\/wordpress\/plugins\/seo\/ -->\n<title>Elixirev Ekskluzivni Program &#8212; Elix\u00edr Medical Wellness Hotel &#8212;<\/title>\n<meta name=\"description\" content=\"Opu\u0161tanje i relaksacija u poznatom okru\u017eenju pru\u017ea smiruju\u0107i ose\u0107aj uz pru\u017eanje visokog kvaliteta na koji ste ve\u0107 navikli. Soba i bazen na koji smo navikli kao i stol koji preferiramo pru\u017eaju na\u0161oj porodici doma\u0107insku atmosferu. Gostima koji nam se vra\u0107aju, koji bi i u budu\u0107e voleli da u\u017eivaju u relaksaciji koju pru\u017ea na\u0161 hotel sa Elixir Ekskluzivnim Programom \u017eelimo pru\u017eit poseban ugo\u0111aj.\" \/>\n<meta name=\"robots\" content=\"index, follow, max-snippet:-1, max-image-preview:large, max-video-preview:-1\" \/>\n<link rel=\"canonical\" href=\"https:\/\/www.elixirhotel.hu\/sr\/elixirev-ekskluzivni-program\/\" \/>\n<meta property=\"og:locale\" content=\"sr_RS\" \/>\n<meta property=\"og:type\" content=\"article\" \/>\n<meta property=\"og:title\" content=\"Elixirev Ekskluzivni Program &#8212; Elix\u00edr Medical Wellness Hotel &#8212;\" \/>\n<meta property=\"og:description\" content=\"Opu\u0161tanje i relaksacija u poznatom okru\u017eenju pru\u017ea smiruju\u0107i ose\u0107aj uz pru\u017eanje visokog kvaliteta na koji ste ve\u0107 navikli. Soba i bazen na koji smo navikli kao i stol koji preferiramo pru\u017eaju na\u0161oj porodici doma\u0107insku atmosferu. Gostima koji nam se vra\u0107aju, koji bi i u budu\u0107e voleli da u\u017eivaju u relaksaciji koju pru\u017ea na\u0161 hotel sa Elixir Ekskluzivnim Programom \u017eelimo pru\u017eit poseban ugo\u0111aj.\" \/>\n<meta property=\"og:url\" content=\"https:\/\/www.elixirhotel.hu\/sr\/elixirev-ekskluzivni-program\/\" \/>\n<meta property=\"og:site_name\" content=\"Elix\u00edr Medical Wellness Hotel\" \/>\n<meta property=\"article:publisher\" content=\"https:\/\/www.facebook.com\/elixirhotel\/\" \/>\n<meta property=\"article:modified_time\" content=\"2024-03-21T14:49:04+00:00\" \/>\n<meta name=\"twitter:card\" content=\"summary_large_image\" \/>\n<script type=\"application\/ld+json\" class=\"yoast-schema-graph\">{\"@context\":\"https:\/\/schema.org\",\"@graph\":[{\"@type\":\"WebPage\",\"@id\":\"https:\/\/www.elixirhotel.hu\/sr\/elixirev-ekskluzivni-program\/\",\"url\":\"https:\/\/www.elixirhotel.hu\/sr\/elixirev-ekskluzivni-program\/\",\"name\":\"Elixirev Ekskluzivni Program &#8212; Elix\u00edr Medical Wellness Hotel &#8212;\",\"isPartOf\":{\"@id\":\"https:\/\/www.elixirhotel.hu\/sr\/#website\"},\"datePublished\":\"2024-02-20T15:01:10+00:00\",\"dateModified\":\"2024-03-21T14:49:04+00:00\",\"description\":\"Opu\u0161tanje i relaksacija u poznatom okru\u017eenju pru\u017ea smiruju\u0107i ose\u0107aj uz pru\u017eanje visokog kvaliteta na koji ste ve\u0107 navikli. Soba i bazen na koji smo navikli kao i stol koji preferiramo pru\u017eaju na\u0161oj porodici doma\u0107insku atmosferu. Gostima koji nam se vra\u0107aju, koji bi i u budu\u0107e voleli da u\u017eivaju u relaksaciji koju pru\u017ea na\u0161 hotel sa Elixir Ekskluzivnim Programom \u017eelimo pru\u017eit poseban ugo\u0111aj.\",\"breadcrumb\":{\"@id\":\"https:\/\/www.elixirhotel.hu\/sr\/elixirev-ekskluzivni-program\/#breadcrumb\"},\"inLanguage\":\"sr-RS\",\"potentialAction\":[{\"@type\":\"ReadAction\",\"target\":[\"https:\/\/www.elixirhotel.hu\/sr\/elixirev-ekskluzivni-program\/\"]}]},{\"@type\":\"BreadcrumbList\",\"@id\":\"https:\/\/www.elixirhotel.hu\/sr\/elixirev-ekskluzivni-program\/#breadcrumb\",\"itemListElement\":[{\"@type\":\"ListItem\",\"position\":1,\"name\":\"Home\",\"item\":\"https:\/\/www.elixirhotel.hu\/sr\/elixir-medical-wellness-hotel\/\"},{\"@type\":\"ListItem\",\"position\":2,\"name\":\"Elixirev Ekskluzivni Program\"}]},{\"@type\":\"WebSite\",\"@id\":\"https:\/\/www.elixirhotel.hu\/sr\/#website\",\"url\":\"https:\/\/www.elixirhotel.hu\/sr\/\",\"name\":\"Elix\u00edr Medical Wellness Hotel\",\"description\":\"\",\"publisher\":{\"@id\":\"https:\/\/www.elixirhotel.hu\/sr\/#organization\"},\"potentialAction\":[{\"@type\":\"SearchAction\",\"target\":{\"@type\":\"EntryPoint\",\"urlTemplate\":\"https:\/\/www.elixirhotel.hu\/sr\/?s={search_term_string}\"},\"query-input\":\"required name=search_term_string\"}],\"inLanguage\":\"sr-RS\"},{\"@type\":\"Organization\",\"@id\":\"https:\/\/www.elixirhotel.hu\/sr\/#organization\",\"name\":\"Elix\u00edr Medical Wellness Hotel\",\"url\":\"https:\/\/www.elixirhotel.hu\/sr\/\",\"logo\":{\"@type\":\"ImageObject\",\"inLanguage\":\"sr-RS\",\"@id\":\"https:\/\/www.elixirhotel.hu\/sr\/#\/schema\/logo\/image\/\",\"url\":\"https:\/\/elixir-medicalwellness-hotel.ms2.decms.eu\/wp-content\/uploads\/sites\/99\/2024\/04\/logo-elixir-medical-hotel.png\",\"contentUrl\":\"https:\/\/elixir-medicalwellness-hotel.ms2.decms.eu\/wp-content\/uploads\/sites\/99\/2024\/04\/logo-elixir-medical-hotel.png\",\"width\":1714,\"height\":800,\"caption\":\"Elix\u00edr Medical Wellness Hotel\"},\"image\":{\"@id\":\"https:\/\/www.elixirhotel.hu\/sr\/#\/schema\/logo\/image\/\"},\"sameAs\":[\"https:\/\/www.facebook.com\/elixirhotel\/\",\"https:\/\/www.youtube.com\/@elixirhotel9201\",\"https:\/\/www.instagram.com\/elixirhotel\/\"]}]}<\/script>\n<!-- \/ Yoast SEO plugin. -->","yoast_head_json":{"title":"Elixirev Ekskluzivni Program &#8212; Elix\u00edr Medical Wellness Hotel &#8212;","description":"Opu\u0161tanje i relaksacija u poznatom okru\u017eenju pru\u017ea smiruju\u0107i ose\u0107aj uz pru\u017eanje visokog kvaliteta na koji ste ve\u0107 navikli. Soba i bazen na koji smo navikli kao i stol koji preferiramo pru\u017eaju na\u0161oj porodici doma\u0107insku atmosferu. Gostima koji nam se vra\u0107aju, koji bi i u budu\u0107e voleli da u\u017eivaju u relaksaciji koju pru\u017ea na\u0161 hotel sa Elixir Ekskluzivnim Programom \u017eelimo pru\u017eit poseban ugo\u0111aj.","robots":{"index":"index","follow":"follow","max-snippet":"max-snippet:-1","max-image-preview":"max-image-preview:large","max-video-preview":"max-video-preview:-1"},"canonical":"https:\/\/www.elixirhotel.hu\/sr\/elixirev-ekskluzivni-program\/","og_locale":"sr_RS","og_type":"article","og_title":"Elixirev Ekskluzivni Program &#8212; Elix\u00edr Medical Wellness Hotel &#8212;","og_description":"Opu\u0161tanje i relaksacija u poznatom okru\u017eenju pru\u017ea smiruju\u0107i ose\u0107aj uz pru\u017eanje visokog kvaliteta na koji ste ve\u0107 navikli. Soba i bazen na koji smo navikli kao i stol koji preferiramo pru\u017eaju na\u0161oj porodici doma\u0107insku atmosferu. Gostima koji nam se vra\u0107aju, koji bi i u budu\u0107e voleli da u\u017eivaju u relaksaciji koju pru\u017ea na\u0161 hotel sa Elixir Ekskluzivnim Programom \u017eelimo pru\u017eit poseban ugo\u0111aj.","og_url":"https:\/\/www.elixirhotel.hu\/sr\/elixirev-ekskluzivni-program\/","og_site_name":"Elix\u00edr Medical Wellness Hotel","article_publisher":"https:\/\/www.facebook.com\/elixirhotel\/","article_modified_time":"2024-03-21T14:49:04+00:00","twitter_card":"summary_large_image","schema":{"@context":"https:\/\/schema.org","@graph":[{"@type":"WebPage","@id":"https:\/\/www.elixirhotel.hu\/sr\/elixirev-ekskluzivni-program\/","url":"https:\/\/www.elixirhotel.hu\/sr\/elixirev-ekskluzivni-program\/","name":"Elixirev Ekskluzivni Program &#8212; Elix\u00edr Medical Wellness Hotel &#8212;","isPartOf":{"@id":"https:\/\/www.elixirhotel.hu\/sr\/#website"},"datePublished":"2024-02-20T15:01:10+00:00","dateModified":"2024-03-21T14:49:04+00:00","description":"Opu\u0161tanje i relaksacija u poznatom okru\u017eenju pru\u017ea smiruju\u0107i ose\u0107aj uz pru\u017eanje visokog kvaliteta na koji ste ve\u0107 navikli. Soba i bazen na koji smo navikli kao i stol koji preferiramo pru\u017eaju na\u0161oj porodici doma\u0107insku atmosferu. Gostima koji nam se vra\u0107aju, koji bi i u budu\u0107e voleli da u\u017eivaju u relaksaciji koju pru\u017ea na\u0161 hotel sa Elixir Ekskluzivnim Programom \u017eelimo pru\u017eit poseban ugo\u0111aj.","breadcrumb":{"@id":"https:\/\/www.elixirhotel.hu\/sr\/elixirev-ekskluzivni-program\/#breadcrumb"},"inLanguage":"sr-RS","potentialAction":[{"@type":"ReadAction","target":["https:\/\/www.elixirhotel.hu\/sr\/elixirev-ekskluzivni-program\/"]}]},{"@type":"BreadcrumbList","@id":"https:\/\/www.elixirhotel.hu\/sr\/elixirev-ekskluzivni-program\/#breadcrumb","itemListElement":[{"@type":"ListItem","position":1,"name":"Home","item":"https:\/\/www.elixirhotel.hu\/sr\/elixir-medical-wellness-hotel\/"},{"@type":"ListItem","position":2,"name":"Elixirev Ekskluzivni Program"}]},{"@type":"WebSite","@id":"https:\/\/www.elixirhotel.hu\/sr\/#website","url":"https:\/\/www.elixirhotel.hu\/sr\/","name":"Elix\u00edr Medical Wellness Hotel","description":"","publisher":{"@id":"https:\/\/www.elixirhotel.hu\/sr\/#organization"},"potentialAction":[{"@type":"SearchAction","target":{"@type":"EntryPoint","urlTemplate":"https:\/\/www.elixirhotel.hu\/sr\/?s={search_term_string}"},"query-input":"required name=search_term_string"}],"inLanguage":"sr-RS"},{"@type":"Organization","@id":"https:\/\/www.elixirhotel.hu\/sr\/#organization","name":"Elix\u00edr Medical Wellness Hotel","url":"https:\/\/www.elixirhotel.hu\/sr\/","logo":{"@type":"ImageObject","inLanguage":"sr-RS","@id":"https:\/\/www.elixirhotel.hu\/sr\/#\/schema\/logo\/image\/","url":"https:\/\/elixir-medicalwellness-hotel.ms2.decms.eu\/wp-content\/uploads\/sites\/99\/2024\/04\/logo-elixir-medical-hotel.png","contentUrl":"https:\/\/elixir-medicalwellness-hotel.ms2.decms.eu\/wp-content\/uploads\/sites\/99\/2024\/04\/logo-elixir-medical-hotel.png","width":1714,"height":800,"caption":"Elix\u00edr Medical Wellness Hotel"},"image":{"@id":"https:\/\/www.elixirhotel.hu\/sr\/#\/schema\/logo\/image\/"},"sameAs":["https:\/\/www.facebook.com\/elixirhotel\/","https:\/\/www.youtube.com\/@elixirhotel9201","https:\/\/www.instagram.com\/elixirhotel\/"]}]}},"acf":[],"_links":{"self":[{"href":"https:\/\/www.elixirhotel.hu\/sr\/wp-json\/wp\/v2\/pages\/341"}],"collection":[{"href":"https:\/\/www.elixirhotel.hu\/sr\/wp-json\/wp\/v2\/pages"}],"about":[{"href":"https:\/\/www.elixirhotel.hu\/sr\/wp-json\/wp\/v2\/types\/page"}],"author":[{"embeddable":true,"href":"https:\/\/www.elixirhotel.hu\/sr\/wp-json\/wp\/v2\/users\/8"}],"replies":[{"embeddable":true,"href":"https:\/\/www.elixirhotel.hu\/sr\/wp-json\/wp\/v2\/comments?post=341"}],"version-history":[{"count":0,"href":"https:\/\/www.elixirhotel.hu\/sr\/wp-json\/wp\/v2\/pages\/341\/revisions"}],"wp:attachment":[{"href":"https:\/\/www.elixirhotel.hu\/sr\/wp-json\/wp\/v2\/media?parent=341"}],"curies":[{"name":"wp","href":"https:\/\/api.w.org\/{rel}","templated":true}]}}