{"id":140,"date":"2024-02-01T09:59:54","date_gmt":"2024-02-01T09:59:54","guid":{"rendered":"https:\/\/elixir-medicalwellness-hotel.ms2.decms.eu\/family-friendly-hotel\/"},"modified":"2024-04-23T10:56:27","modified_gmt":"2024-04-23T10:56:27","slug":"hotel-za-porodice","status":"publish","type":"page","link":"https:\/\/www.elixirhotel.hu\/sr\/hotel-za-porodice\/","title":{"rendered":"Hotel Za Porodice"},"content":{"rendered":"<p>Za nas je posebno va\u017eno da gosti koji dolaze sa decom u\u017eivaju u maksimalnoj udobnosti u na\u0161em hotelu.<\/p>\n<p>To dokazuje i bronzana povelja i priznanje koju smo osvojili <strong>na konkursu Csal\u00e1dbar\u00e1t Orsz\u00e1g Nonprofit K\u00f6zhaszn\u00fa Kft kao Porodi\u010dni Centar<\/strong>!<\/p>\n","protected":false},"excerpt":{"rendered":"<p>Za nas je posebno va\u017eno da gosti koji dolaze sa decom u\u017eivaju u maksimalnoj udobnosti u na\u0161em hotelu. To dokazuje i bronzana povelja i priznanje koju smo osvojili na konkursu Csal\u00e1dbar\u00e1t Orsz\u00e1g Nonprofit K\u00f6zhaszn\u00fa Kft kao Porodi\u010dni Centar!<\/p>\n","protected":false},"author":8,"featured_media":0,"parent":0,"menu_order":15,"comment_status":"closed","ping_status":"closed","template":"template-rooms-2.php","meta":{"footnotes":""},"yoast_head":"<!-- This site is optimized with the Yoast SEO plugin v22.3 - https:\/\/yoast.com\/wordpress\/plugins\/seo\/ -->\n<title>Hotel Za Porodice &#8212; Elix\u00edr Medical Wellness Hotel &#8212;<\/title>\n<meta name=\"description\" content=\"Za nas je posebno va\u017eno da gosti koji dolaze sa decom u\u017eivaju u maksimalnoj udobnosti u na\u0161em hotelu.  To dokazuje i bronzana povelja i priznanje koju smo osvojili na konkursu Csal\u00e1dbar\u00e1t Orsz\u00e1g Nonprofit K\u00f6zhaszn\u00fa Kft kao Porodi\u010dni Centar!.\" \/>\n<meta name=\"robots\" content=\"index, follow, max-snippet:-1, max-image-preview:large, max-video-preview:-1\" \/>\n<link rel=\"canonical\" href=\"https:\/\/www.elixirhotel.hu\/sr\/hotel-za-porodice\/\" \/>\n<meta property=\"og:locale\" content=\"sr_RS\" \/>\n<meta property=\"og:type\" content=\"article\" \/>\n<meta property=\"og:title\" content=\"Hotel Za Porodice &#8212; Elix\u00edr Medical Wellness Hotel &#8212;\" \/>\n<meta property=\"og:description\" content=\"Za nas je posebno va\u017eno da gosti koji dolaze sa decom u\u017eivaju u maksimalnoj udobnosti u na\u0161em hotelu.  To dokazuje i bronzana povelja i priznanje koju smo osvojili na konkursu Csal\u00e1dbar\u00e1t Orsz\u00e1g Nonprofit K\u00f6zhaszn\u00fa Kft kao Porodi\u010dni Centar!.\" \/>\n<meta property=\"og:url\" content=\"https:\/\/www.elixirhotel.hu\/sr\/hotel-za-porodice\/\" \/>\n<meta property=\"og:site_name\" content=\"Elix\u00edr Medical Wellness Hotel\" \/>\n<meta property=\"article:publisher\" content=\"https:\/\/www.facebook.com\/elixirhotel\/\" \/>\n<meta property=\"article:modified_time\" content=\"2024-04-23T10:56:27+00:00\" \/>\n<meta name=\"twitter:card\" content=\"summary_large_image\" \/>\n<meta name=\"twitter:label1\" content=\"\u041f\u0440\u043e\u0446\u0435\u045a\u0435\u043d\u043e \u0432\u0440\u0435\u043c\u0435 \u0447\u0438\u0442\u0430\u045a\u0430\" \/>\n\t<meta name=\"twitter:data1\" content=\"1 \u043c\u0438\u043d\u0443\u0442\" \/>\n<script type=\"application\/ld+json\" class=\"yoast-schema-graph\">{\"@context\":\"https:\/\/schema.org\",\"@graph\":[{\"@type\":\"WebPage\",\"@id\":\"https:\/\/www.elixirhotel.hu\/sr\/hotel-za-porodice\/\",\"url\":\"https:\/\/www.elixirhotel.hu\/sr\/hotel-za-porodice\/\",\"name\":\"Hotel Za Porodice &#8212; Elix\u00edr Medical Wellness Hotel &#8212;\",\"isPartOf\":{\"@id\":\"https:\/\/www.elixirhotel.hu\/sr\/#website\"},\"datePublished\":\"2024-02-01T09:59:54+00:00\",\"dateModified\":\"2024-04-23T10:56:27+00:00\",\"description\":\"Za nas je posebno va\u017eno da gosti koji dolaze sa decom u\u017eivaju u maksimalnoj udobnosti u na\u0161em hotelu. To dokazuje i bronzana povelja i priznanje koju smo osvojili na konkursu Csal\u00e1dbar\u00e1t Orsz\u00e1g Nonprofit K\u00f6zhaszn\u00fa Kft kao Porodi\u010dni Centar!.\",\"breadcrumb\":{\"@id\":\"https:\/\/www.elixirhotel.hu\/sr\/hotel-za-porodice\/#breadcrumb\"},\"inLanguage\":\"sr-RS\",\"potentialAction\":[{\"@type\":\"ReadAction\",\"target\":[\"https:\/\/www.elixirhotel.hu\/sr\/hotel-za-porodice\/\"]}]},{\"@type\":\"BreadcrumbList\",\"@id\":\"https:\/\/www.elixirhotel.hu\/sr\/hotel-za-porodice\/#breadcrumb\",\"itemListElement\":[{\"@type\":\"ListItem\",\"position\":1,\"name\":\"Home\",\"item\":\"https:\/\/www.elixirhotel.hu\/sr\/elixir-medical-wellness-hotel\/\"},{\"@type\":\"ListItem\",\"position\":2,\"name\":\"Hotel Za Porodice\"}]},{\"@type\":\"WebSite\",\"@id\":\"https:\/\/www.elixirhotel.hu\/sr\/#website\",\"url\":\"https:\/\/www.elixirhotel.hu\/sr\/\",\"name\":\"Elix\u00edr Medical Wellness Hotel\",\"description\":\"\",\"publisher\":{\"@id\":\"https:\/\/www.elixirhotel.hu\/sr\/#organization\"},\"potentialAction\":[{\"@type\":\"SearchAction\",\"target\":{\"@type\":\"EntryPoint\",\"urlTemplate\":\"https:\/\/www.elixirhotel.hu\/sr\/?s={search_term_string}\"},\"query-input\":\"required name=search_term_string\"}],\"inLanguage\":\"sr-RS\"},{\"@type\":\"Organization\",\"@id\":\"https:\/\/www.elixirhotel.hu\/sr\/#organization\",\"name\":\"Elix\u00edr Medical Wellness Hotel\",\"url\":\"https:\/\/www.elixirhotel.hu\/sr\/\",\"logo\":{\"@type\":\"ImageObject\",\"inLanguage\":\"sr-RS\",\"@id\":\"https:\/\/www.elixirhotel.hu\/sr\/#\/schema\/logo\/image\/\",\"url\":\"https:\/\/elixir-medicalwellness-hotel.ms2.decms.eu\/wp-content\/uploads\/sites\/99\/2024\/04\/logo-elixir-medical-hotel.png\",\"contentUrl\":\"https:\/\/elixir-medicalwellness-hotel.ms2.decms.eu\/wp-content\/uploads\/sites\/99\/2024\/04\/logo-elixir-medical-hotel.png\",\"width\":1714,\"height\":800,\"caption\":\"Elix\u00edr Medical Wellness Hotel\"},\"image\":{\"@id\":\"https:\/\/www.elixirhotel.hu\/sr\/#\/schema\/logo\/image\/\"},\"sameAs\":[\"https:\/\/www.facebook.com\/elixirhotel\/\",\"https:\/\/www.youtube.com\/@elixirhotel9201\",\"https:\/\/www.instagram.com\/elixirhotel\/\"]}]}<\/script>\n<!-- \/ Yoast SEO plugin. -->","yoast_head_json":{"title":"Hotel Za Porodice &#8212; Elix\u00edr Medical Wellness Hotel &#8212;","description":"Za nas je posebno va\u017eno da gosti koji dolaze sa decom u\u017eivaju u maksimalnoj udobnosti u na\u0161em hotelu.  To dokazuje i bronzana povelja i priznanje koju smo osvojili na konkursu Csal\u00e1dbar\u00e1t Orsz\u00e1g Nonprofit K\u00f6zhaszn\u00fa Kft kao Porodi\u010dni Centar!.","robots":{"index":"index","follow":"follow","max-snippet":"max-snippet:-1","max-image-preview":"max-image-preview:large","max-video-preview":"max-video-preview:-1"},"canonical":"https:\/\/www.elixirhotel.hu\/sr\/hotel-za-porodice\/","og_locale":"sr_RS","og_type":"article","og_title":"Hotel Za Porodice &#8212; Elix\u00edr Medical Wellness Hotel &#8212;","og_description":"Za nas je posebno va\u017eno da gosti koji dolaze sa decom u\u017eivaju u maksimalnoj udobnosti u na\u0161em hotelu.  To dokazuje i bronzana povelja i priznanje koju smo osvojili na konkursu Csal\u00e1dbar\u00e1t Orsz\u00e1g Nonprofit K\u00f6zhaszn\u00fa Kft kao Porodi\u010dni Centar!.","og_url":"https:\/\/www.elixirhotel.hu\/sr\/hotel-za-porodice\/","og_site_name":"Elix\u00edr Medical Wellness Hotel","article_publisher":"https:\/\/www.facebook.com\/elixirhotel\/","article_modified_time":"2024-04-23T10:56:27+00:00","twitter_card":"summary_large_image","twitter_misc":{"\u041f\u0440\u043e\u0446\u0435\u045a\u0435\u043d\u043e \u0432\u0440\u0435\u043c\u0435 \u0447\u0438\u0442\u0430\u045a\u0430":"1 \u043c\u0438\u043d\u0443\u0442"},"schema":{"@context":"https:\/\/schema.org","@graph":[{"@type":"WebPage","@id":"https:\/\/www.elixirhotel.hu\/sr\/hotel-za-porodice\/","url":"https:\/\/www.elixirhotel.hu\/sr\/hotel-za-porodice\/","name":"Hotel Za Porodice &#8212; Elix\u00edr Medical Wellness Hotel &#8212;","isPartOf":{"@id":"https:\/\/www.elixirhotel.hu\/sr\/#website"},"datePublished":"2024-02-01T09:59:54+00:00","dateModified":"2024-04-23T10:56:27+00:00","description":"Za nas je posebno va\u017eno da gosti koji dolaze sa decom u\u017eivaju u maksimalnoj udobnosti u na\u0161em hotelu. To dokazuje i bronzana povelja i priznanje koju smo osvojili na konkursu Csal\u00e1dbar\u00e1t Orsz\u00e1g Nonprofit K\u00f6zhaszn\u00fa Kft kao Porodi\u010dni Centar!.","breadcrumb":{"@id":"https:\/\/www.elixirhotel.hu\/sr\/hotel-za-porodice\/#breadcrumb"},"inLanguage":"sr-RS","potentialAction":[{"@type":"ReadAction","target":["https:\/\/www.elixirhotel.hu\/sr\/hotel-za-porodice\/"]}]},{"@type":"BreadcrumbList","@id":"https:\/\/www.elixirhotel.hu\/sr\/hotel-za-porodice\/#breadcrumb","itemListElement":[{"@type":"ListItem","position":1,"name":"Home","item":"https:\/\/www.elixirhotel.hu\/sr\/elixir-medical-wellness-hotel\/"},{"@type":"ListItem","position":2,"name":"Hotel Za Porodice"}]},{"@type":"WebSite","@id":"https:\/\/www.elixirhotel.hu\/sr\/#website","url":"https:\/\/www.elixirhotel.hu\/sr\/","name":"Elix\u00edr Medical Wellness Hotel","description":"","publisher":{"@id":"https:\/\/www.elixirhotel.hu\/sr\/#organization"},"potentialAction":[{"@type":"SearchAction","target":{"@type":"EntryPoint","urlTemplate":"https:\/\/www.elixirhotel.hu\/sr\/?s={search_term_string}"},"query-input":"required name=search_term_string"}],"inLanguage":"sr-RS"},{"@type":"Organization","@id":"https:\/\/www.elixirhotel.hu\/sr\/#organization","name":"Elix\u00edr Medical Wellness Hotel","url":"https:\/\/www.elixirhotel.hu\/sr\/","logo":{"@type":"ImageObject","inLanguage":"sr-RS","@id":"https:\/\/www.elixirhotel.hu\/sr\/#\/schema\/logo\/image\/","url":"https:\/\/elixir-medicalwellness-hotel.ms2.decms.eu\/wp-content\/uploads\/sites\/99\/2024\/04\/logo-elixir-medical-hotel.png","contentUrl":"https:\/\/elixir-medicalwellness-hotel.ms2.decms.eu\/wp-content\/uploads\/sites\/99\/2024\/04\/logo-elixir-medical-hotel.png","width":1714,"height":800,"caption":"Elix\u00edr Medical Wellness Hotel"},"image":{"@id":"https:\/\/www.elixirhotel.hu\/sr\/#\/schema\/logo\/image\/"},"sameAs":["https:\/\/www.facebook.com\/elixirhotel\/","https:\/\/www.youtube.com\/@elixirhotel9201","https:\/\/www.instagram.com\/elixirhotel\/"]}]}},"acf":[],"_links":{"self":[{"href":"https:\/\/www.elixirhotel.hu\/sr\/wp-json\/wp\/v2\/pages\/140"}],"collection":[{"href":"https:\/\/www.elixirhotel.hu\/sr\/wp-json\/wp\/v2\/pages"}],"about":[{"href":"https:\/\/www.elixirhotel.hu\/sr\/wp-json\/wp\/v2\/types\/page"}],"author":[{"embeddable":true,"href":"https:\/\/www.elixirhotel.hu\/sr\/wp-json\/wp\/v2\/users\/8"}],"replies":[{"embeddable":true,"href":"https:\/\/www.elixirhotel.hu\/sr\/wp-json\/wp\/v2\/comments?post=140"}],"version-history":[{"count":0,"href":"https:\/\/www.elixirhotel.hu\/sr\/wp-json\/wp\/v2\/pages\/140\/revisions"}],"wp:attachment":[{"href":"https:\/\/www.elixirhotel.hu\/sr\/wp-json\/wp\/v2\/media?parent=140"}],"curies":[{"name":"wp","href":"https:\/\/api.w.org\/{rel}","templated":true}]}}