{"id":253,"date":"2024-02-15T15:22:35","date_gmt":"2024-02-15T15:22:35","guid":{"rendered":"https:\/\/elixir-medicalwellness-hotel.ms2.decms.eu\/?page_id=253"},"modified":"2024-03-21T08:14:28","modified_gmt":"2024-03-21T08:14:28","slug":"spa","status":"publish","type":"page","link":"https:\/\/www.elixirhotel.hu\/en\/spa\/","title":{"rendered":"SPA"},"content":{"rendered":"<p>The hotel is directly connected to the Saint Elizabeth Spa and the M\u00f3ra-Vit\u00e1l Nonprofit Kft., which provides medical treatments. There is a covered, heated passage to the spa, so our guests can comfortably walk through in their robes. All of our prices include the entrance to the Spa on the day of arrival and also departure.<\/p>\n","protected":false},"excerpt":{"rendered":"<p>The hotel is directly connected to the Saint Elizabeth Spa and the M\u00f3ra-Vit\u00e1l Nonprofit Kft., which provides medical treatments. There is a covered, heated passage to the spa, so our guests can comfortably walk through in their robes. All of our prices include the entrance to the Spa on the day of arrival and also [&hellip;]<\/p>\n","protected":false},"author":8,"featured_media":0,"parent":0,"menu_order":30,"comment_status":"closed","ping_status":"closed","template":"template-default-4.php","meta":{"footnotes":""},"class_list":["post-253","page","type-page","status-publish","hentry"],"yoast_head":"<!-- This site is optimized with the Yoast SEO plugin v27.3 - https:\/\/yoast.com\/product\/yoast-seo-wordpress\/ -->\n<title>SPA &#8212; Elix\u00edr Medical Wellness Hotel &#8212;<\/title>\n<meta name=\"description\" content=\"The hotel is directly connected to the Saint Elizabeth Spa and the M\u00f3ra-Vit\u00e1l Nonprofit Kft., which provides medical treatments. There is a covered, heated passage to the spa, so our guests can comfortably walk through in their robes\" \/>\n<meta name=\"robots\" content=\"index, follow, max-snippet:-1, max-image-preview:large, max-video-preview:-1\" \/>\n<link rel=\"canonical\" href=\"https:\/\/www.elixirhotel.hu\/en\/spa\/\" \/>\n<meta property=\"og:locale\" content=\"en_US\" \/>\n<meta property=\"og:type\" content=\"article\" \/>\n<meta property=\"og:title\" content=\"SPA &#8212; Elix\u00edr Medical Wellness Hotel &#8212;\" \/>\n<meta property=\"og:description\" content=\"The hotel is directly connected to the Saint Elizabeth Spa and the M\u00f3ra-Vit\u00e1l Nonprofit Kft., which provides medical treatments. There is a covered, heated passage to the spa, so our guests can comfortably walk through in their robes\" \/>\n<meta property=\"og:url\" content=\"https:\/\/www.elixirhotel.hu\/en\/spa\/\" \/>\n<meta property=\"og:site_name\" content=\"Elix\u00edr Medical Wellness Hotel\" \/>\n<meta property=\"article:publisher\" content=\"https:\/\/www.facebook.com\/elixirhotel\/\" \/>\n<meta property=\"article:modified_time\" content=\"2024-03-21T08:14:28+00:00\" \/>\n<meta name=\"twitter:card\" content=\"summary_large_image\" \/>\n<script type=\"application\/ld+json\" class=\"yoast-schema-graph\">{\"@context\":\"https:\\\/\\\/schema.org\",\"@graph\":[{\"@type\":\"WebPage\",\"@id\":\"https:\\\/\\\/www.elixirhotel.hu\\\/en\\\/spa\\\/\",\"url\":\"https:\\\/\\\/www.elixirhotel.hu\\\/en\\\/spa\\\/\",\"name\":\"SPA &#8212; Elix\u00edr Medical Wellness Hotel &#8212;\",\"isPartOf\":{\"@id\":\"https:\\\/\\\/www.elixirhotel.hu\\\/en\\\/#website\"},\"datePublished\":\"2024-02-15T15:22:35+00:00\",\"dateModified\":\"2024-03-21T08:14:28+00:00\",\"description\":\"The hotel is directly connected to the Saint Elizabeth Spa and the M\u00f3ra-Vit\u00e1l Nonprofit Kft., which provides medical treatments. There is a covered, heated passage to the spa, so our guests can comfortably walk through in their robes\",\"breadcrumb\":{\"@id\":\"https:\\\/\\\/www.elixirhotel.hu\\\/en\\\/spa\\\/#breadcrumb\"},\"inLanguage\":\"en-US\",\"potentialAction\":[{\"@type\":\"ReadAction\",\"target\":[\"https:\\\/\\\/www.elixirhotel.hu\\\/en\\\/spa\\\/\"]}]},{\"@type\":\"BreadcrumbList\",\"@id\":\"https:\\\/\\\/www.elixirhotel.hu\\\/en\\\/spa\\\/#breadcrumb\",\"itemListElement\":[{\"@type\":\"ListItem\",\"position\":1,\"name\":\"Home\",\"item\":\"https:\\\/\\\/www.elixirhotel.hu\\\/en\\\/elixir-medical-wellness-hotel\\\/\"},{\"@type\":\"ListItem\",\"position\":2,\"name\":\"SPA\"}]},{\"@type\":\"WebSite\",\"@id\":\"https:\\\/\\\/www.elixirhotel.hu\\\/en\\\/#website\",\"url\":\"https:\\\/\\\/www.elixirhotel.hu\\\/en\\\/\",\"name\":\"Elix\u00edr Medical Wellness Hotel\",\"description\":\"\",\"publisher\":{\"@id\":\"https:\\\/\\\/www.elixirhotel.hu\\\/en\\\/#organization\"},\"potentialAction\":[{\"@type\":\"SearchAction\",\"target\":{\"@type\":\"EntryPoint\",\"urlTemplate\":\"https:\\\/\\\/www.elixirhotel.hu\\\/en\\\/?s={search_term_string}\"},\"query-input\":{\"@type\":\"PropertyValueSpecification\",\"valueRequired\":true,\"valueName\":\"search_term_string\"}}],\"inLanguage\":\"en-US\"},{\"@type\":\"Organization\",\"@id\":\"https:\\\/\\\/www.elixirhotel.hu\\\/en\\\/#organization\",\"name\":\"Elix\u00edr Medical Wellness Hotel\",\"url\":\"https:\\\/\\\/www.elixirhotel.hu\\\/en\\\/\",\"logo\":{\"@type\":\"ImageObject\",\"inLanguage\":\"en-US\",\"@id\":\"https:\\\/\\\/www.elixirhotel.hu\\\/en\\\/#\\\/schema\\\/logo\\\/image\\\/\",\"url\":\"https:\\\/\\\/elixir-medicalwellness-hotel.ms2.decms.eu\\\/wp-content\\\/uploads\\\/sites\\\/99\\\/2024\\\/04\\\/logo-elixir-medical-hotel.png\",\"contentUrl\":\"https:\\\/\\\/elixir-medicalwellness-hotel.ms2.decms.eu\\\/wp-content\\\/uploads\\\/sites\\\/99\\\/2024\\\/04\\\/logo-elixir-medical-hotel.png\",\"width\":1714,\"height\":800,\"caption\":\"Elix\u00edr Medical Wellness Hotel\"},\"image\":{\"@id\":\"https:\\\/\\\/www.elixirhotel.hu\\\/en\\\/#\\\/schema\\\/logo\\\/image\\\/\"},\"sameAs\":[\"https:\\\/\\\/www.facebook.com\\\/elixirhotel\\\/\",\"https:\\\/\\\/www.youtube.com\\\/@elixirhotel9201\",\"https:\\\/\\\/www.instagram.com\\\/elixirhotel\\\/\"]}]}<\/script>\n<!-- \/ Yoast SEO plugin. -->","yoast_head_json":{"title":"SPA &#8212; Elix\u00edr Medical Wellness Hotel &#8212;","description":"The hotel is directly connected to the Saint Elizabeth Spa and the M\u00f3ra-Vit\u00e1l Nonprofit Kft., which provides medical treatments. There is a covered, heated passage to the spa, so our guests can comfortably walk through in their robes","robots":{"index":"index","follow":"follow","max-snippet":"max-snippet:-1","max-image-preview":"max-image-preview:large","max-video-preview":"max-video-preview:-1"},"canonical":"https:\/\/www.elixirhotel.hu\/en\/spa\/","og_locale":"en_US","og_type":"article","og_title":"SPA &#8212; Elix\u00edr Medical Wellness Hotel &#8212;","og_description":"The hotel is directly connected to the Saint Elizabeth Spa and the M\u00f3ra-Vit\u00e1l Nonprofit Kft., which provides medical treatments. There is a covered, heated passage to the spa, so our guests can comfortably walk through in their robes","og_url":"https:\/\/www.elixirhotel.hu\/en\/spa\/","og_site_name":"Elix\u00edr Medical Wellness Hotel","article_publisher":"https:\/\/www.facebook.com\/elixirhotel\/","article_modified_time":"2024-03-21T08:14:28+00:00","twitter_card":"summary_large_image","schema":{"@context":"https:\/\/schema.org","@graph":[{"@type":"WebPage","@id":"https:\/\/www.elixirhotel.hu\/en\/spa\/","url":"https:\/\/www.elixirhotel.hu\/en\/spa\/","name":"SPA &#8212; Elix\u00edr Medical Wellness Hotel &#8212;","isPartOf":{"@id":"https:\/\/www.elixirhotel.hu\/en\/#website"},"datePublished":"2024-02-15T15:22:35+00:00","dateModified":"2024-03-21T08:14:28+00:00","description":"The hotel is directly connected to the Saint Elizabeth Spa and the M\u00f3ra-Vit\u00e1l Nonprofit Kft., which provides medical treatments. There is a covered, heated passage to the spa, so our guests can comfortably walk through in their robes","breadcrumb":{"@id":"https:\/\/www.elixirhotel.hu\/en\/spa\/#breadcrumb"},"inLanguage":"en-US","potentialAction":[{"@type":"ReadAction","target":["https:\/\/www.elixirhotel.hu\/en\/spa\/"]}]},{"@type":"BreadcrumbList","@id":"https:\/\/www.elixirhotel.hu\/en\/spa\/#breadcrumb","itemListElement":[{"@type":"ListItem","position":1,"name":"Home","item":"https:\/\/www.elixirhotel.hu\/en\/elixir-medical-wellness-hotel\/"},{"@type":"ListItem","position":2,"name":"SPA"}]},{"@type":"WebSite","@id":"https:\/\/www.elixirhotel.hu\/en\/#website","url":"https:\/\/www.elixirhotel.hu\/en\/","name":"Elix\u00edr Medical Wellness Hotel","description":"","publisher":{"@id":"https:\/\/www.elixirhotel.hu\/en\/#organization"},"potentialAction":[{"@type":"SearchAction","target":{"@type":"EntryPoint","urlTemplate":"https:\/\/www.elixirhotel.hu\/en\/?s={search_term_string}"},"query-input":{"@type":"PropertyValueSpecification","valueRequired":true,"valueName":"search_term_string"}}],"inLanguage":"en-US"},{"@type":"Organization","@id":"https:\/\/www.elixirhotel.hu\/en\/#organization","name":"Elix\u00edr Medical Wellness Hotel","url":"https:\/\/www.elixirhotel.hu\/en\/","logo":{"@type":"ImageObject","inLanguage":"en-US","@id":"https:\/\/www.elixirhotel.hu\/en\/#\/schema\/logo\/image\/","url":"https:\/\/elixir-medicalwellness-hotel.ms2.decms.eu\/wp-content\/uploads\/sites\/99\/2024\/04\/logo-elixir-medical-hotel.png","contentUrl":"https:\/\/elixir-medicalwellness-hotel.ms2.decms.eu\/wp-content\/uploads\/sites\/99\/2024\/04\/logo-elixir-medical-hotel.png","width":1714,"height":800,"caption":"Elix\u00edr Medical Wellness Hotel"},"image":{"@id":"https:\/\/www.elixirhotel.hu\/en\/#\/schema\/logo\/image\/"},"sameAs":["https:\/\/www.facebook.com\/elixirhotel\/","https:\/\/www.youtube.com\/@elixirhotel9201","https:\/\/www.instagram.com\/elixirhotel\/"]}]}},"acf":[],"_links":{"self":[{"href":"https:\/\/www.elixirhotel.hu\/en\/wp-json\/wp\/v2\/pages\/253","targetHints":{"allow":["GET"]}}],"collection":[{"href":"https:\/\/www.elixirhotel.hu\/en\/wp-json\/wp\/v2\/pages"}],"about":[{"href":"https:\/\/www.elixirhotel.hu\/en\/wp-json\/wp\/v2\/types\/page"}],"author":[{"embeddable":true,"href":"https:\/\/www.elixirhotel.hu\/en\/wp-json\/wp\/v2\/users\/8"}],"replies":[{"embeddable":true,"href":"https:\/\/www.elixirhotel.hu\/en\/wp-json\/wp\/v2\/comments?post=253"}],"version-history":[{"count":0,"href":"https:\/\/www.elixirhotel.hu\/en\/wp-json\/wp\/v2\/pages\/253\/revisions"}],"wp:attachment":[{"href":"https:\/\/www.elixirhotel.hu\/en\/wp-json\/wp\/v2\/media?parent=253"}],"curies":[{"name":"wp","href":"https:\/\/api.w.org\/{rel}","templated":true}]}}