{"id":248,"date":"2024-02-15T14:41:14","date_gmt":"2024-02-15T14:41:14","guid":{"rendered":"https:\/\/elixir-medicalwellness-hotel.ms2.decms.eu\/medical-wellness\/fogaszat\/"},"modified":"2024-04-23T09:52:47","modified_gmt":"2024-04-23T09:52:47","slug":"dentistry","status":"publish","type":"page","link":"https:\/\/www.elixirhotel.hu\/en\/medical-wellness\/dentistry\/","title":{"rendered":"Dentistry"},"content":{"rendered":"<p>NorDent Smile dentistry is located in M\u00f3ra-Vit\u00e1l health center in the direct neighborhood of Elix\u00edr Medical Wellness Hotel. The dentistry is directly connected with the hotel on the first floor, so the guests may easily, without obstacles reach their dentist situated on the same level as their room.<\/p>\n","protected":false},"excerpt":{"rendered":"<p>NorDent Smile dentistry is located in M\u00f3ra-Vit\u00e1l health center in the direct neighborhood of Elix\u00edr Medical Wellness Hotel. The dentistry is directly connected with the hotel on the first floor, so the guests may easily, without obstacles reach their dentist situated on the same level as their room.<\/p>\n","protected":false},"author":8,"featured_media":0,"parent":213,"menu_order":6,"comment_status":"closed","ping_status":"closed","template":"template-default-2.php","meta":{"footnotes":""},"yoast_head":"<!-- This site is optimized with the Yoast SEO plugin v22.3 - https:\/\/yoast.com\/wordpress\/plugins\/seo\/ -->\n<title>Dentistry &#8212; Elix\u00edr Medical Wellness Hotel &#8212;<\/title>\n<meta name=\"description\" content=\"NorDent Smile dentistry is located in M\u00f3ra-Vit\u00e1l health center in the direct neighborhood of Elix\u00edr Medical Wellness Hotel. The dentistry is directly connected with the hotel on the first floor, so the guests may easily, without obstacles reach their dentist situated on the same level as their room.\" \/>\n<meta name=\"robots\" content=\"index, follow, max-snippet:-1, max-image-preview:large, max-video-preview:-1\" \/>\n<link rel=\"canonical\" href=\"https:\/\/www.elixirhotel.hu\/en\/medical-wellness\/dentistry\/\" \/>\n<meta property=\"og:locale\" content=\"en_US\" \/>\n<meta property=\"og:type\" content=\"article\" \/>\n<meta property=\"og:title\" content=\"Dentistry &#8212; Elix\u00edr Medical Wellness Hotel &#8212;\" \/>\n<meta property=\"og:description\" content=\"NorDent Smile dentistry is located in M\u00f3ra-Vit\u00e1l health center in the direct neighborhood of Elix\u00edr Medical Wellness Hotel. The dentistry is directly connected with the hotel on the first floor, so the guests may easily, without obstacles reach their dentist situated on the same level as their room.\" \/>\n<meta property=\"og:url\" content=\"https:\/\/www.elixirhotel.hu\/en\/medical-wellness\/dentistry\/\" \/>\n<meta property=\"og:site_name\" content=\"Elix\u00edr Medical Wellness Hotel\" \/>\n<meta property=\"article:publisher\" content=\"https:\/\/www.facebook.com\/elixirhotel\/\" \/>\n<meta property=\"article:modified_time\" content=\"2024-04-23T09:52:47+00:00\" \/>\n<meta name=\"twitter:card\" content=\"summary_large_image\" \/>\n<meta name=\"twitter:label1\" content=\"Est. reading time\" \/>\n\t<meta name=\"twitter:data1\" content=\"1 minute\" \/>\n<script type=\"application\/ld+json\" class=\"yoast-schema-graph\">{\"@context\":\"https:\/\/schema.org\",\"@graph\":[{\"@type\":\"WebPage\",\"@id\":\"https:\/\/www.elixirhotel.hu\/en\/medical-wellness\/dentistry\/\",\"url\":\"https:\/\/www.elixirhotel.hu\/en\/medical-wellness\/dentistry\/\",\"name\":\"Dentistry &#8212; Elix\u00edr Medical Wellness Hotel &#8212;\",\"isPartOf\":{\"@id\":\"https:\/\/www.elixirhotel.hu\/en\/#website\"},\"datePublished\":\"2024-02-15T14:41:14+00:00\",\"dateModified\":\"2024-04-23T09:52:47+00:00\",\"description\":\"NorDent Smile dentistry is located in M\u00f3ra-Vit\u00e1l health center in the direct neighborhood of Elix\u00edr Medical Wellness Hotel. The dentistry is directly connected with the hotel on the first floor, so the guests may easily, without obstacles reach their dentist situated on the same level as their room.\",\"breadcrumb\":{\"@id\":\"https:\/\/www.elixirhotel.hu\/en\/medical-wellness\/dentistry\/#breadcrumb\"},\"inLanguage\":\"en-US\",\"potentialAction\":[{\"@type\":\"ReadAction\",\"target\":[\"https:\/\/www.elixirhotel.hu\/en\/medical-wellness\/dentistry\/\"]}]},{\"@type\":\"BreadcrumbList\",\"@id\":\"https:\/\/www.elixirhotel.hu\/en\/medical-wellness\/dentistry\/#breadcrumb\",\"itemListElement\":[{\"@type\":\"ListItem\",\"position\":1,\"name\":\"Home\",\"item\":\"https:\/\/www.elixirhotel.hu\/en\/elixir-medical-wellness-hotel\/\"},{\"@type\":\"ListItem\",\"position\":2,\"name\":\"Medical wellness\",\"item\":\"https:\/\/www.elixirhotel.hu\/en\/medical-wellness\/\"},{\"@type\":\"ListItem\",\"position\":3,\"name\":\"Dentistry\"}]},{\"@type\":\"WebSite\",\"@id\":\"https:\/\/www.elixirhotel.hu\/en\/#website\",\"url\":\"https:\/\/www.elixirhotel.hu\/en\/\",\"name\":\"Elix\u00edr Medical Wellness Hotel\",\"description\":\"\",\"publisher\":{\"@id\":\"https:\/\/www.elixirhotel.hu\/en\/#organization\"},\"potentialAction\":[{\"@type\":\"SearchAction\",\"target\":{\"@type\":\"EntryPoint\",\"urlTemplate\":\"https:\/\/www.elixirhotel.hu\/en\/?s={search_term_string}\"},\"query-input\":\"required name=search_term_string\"}],\"inLanguage\":\"en-US\"},{\"@type\":\"Organization\",\"@id\":\"https:\/\/www.elixirhotel.hu\/en\/#organization\",\"name\":\"Elix\u00edr Medical Wellness Hotel\",\"url\":\"https:\/\/www.elixirhotel.hu\/en\/\",\"logo\":{\"@type\":\"ImageObject\",\"inLanguage\":\"en-US\",\"@id\":\"https:\/\/www.elixirhotel.hu\/en\/#\/schema\/logo\/image\/\",\"url\":\"https:\/\/elixir-medicalwellness-hotel.ms2.decms.eu\/wp-content\/uploads\/sites\/99\/2024\/04\/logo-elixir-medical-hotel.png\",\"contentUrl\":\"https:\/\/elixir-medicalwellness-hotel.ms2.decms.eu\/wp-content\/uploads\/sites\/99\/2024\/04\/logo-elixir-medical-hotel.png\",\"width\":1714,\"height\":800,\"caption\":\"Elix\u00edr Medical Wellness Hotel\"},\"image\":{\"@id\":\"https:\/\/www.elixirhotel.hu\/en\/#\/schema\/logo\/image\/\"},\"sameAs\":[\"https:\/\/www.facebook.com\/elixirhotel\/\",\"https:\/\/www.youtube.com\/@elixirhotel9201\",\"https:\/\/www.instagram.com\/elixirhotel\/\"]}]}<\/script>\n<!-- \/ Yoast SEO plugin. -->","yoast_head_json":{"title":"Dentistry &#8212; Elix\u00edr Medical Wellness Hotel &#8212;","description":"NorDent Smile dentistry is located in M\u00f3ra-Vit\u00e1l health center in the direct neighborhood of Elix\u00edr Medical Wellness Hotel. The dentistry is directly connected with the hotel on the first floor, so the guests may easily, without obstacles reach their dentist situated on the same level as their room.","robots":{"index":"index","follow":"follow","max-snippet":"max-snippet:-1","max-image-preview":"max-image-preview:large","max-video-preview":"max-video-preview:-1"},"canonical":"https:\/\/www.elixirhotel.hu\/en\/medical-wellness\/dentistry\/","og_locale":"en_US","og_type":"article","og_title":"Dentistry &#8212; Elix\u00edr Medical Wellness Hotel &#8212;","og_description":"NorDent Smile dentistry is located in M\u00f3ra-Vit\u00e1l health center in the direct neighborhood of Elix\u00edr Medical Wellness Hotel. The dentistry is directly connected with the hotel on the first floor, so the guests may easily, without obstacles reach their dentist situated on the same level as their room.","og_url":"https:\/\/www.elixirhotel.hu\/en\/medical-wellness\/dentistry\/","og_site_name":"Elix\u00edr Medical Wellness Hotel","article_publisher":"https:\/\/www.facebook.com\/elixirhotel\/","article_modified_time":"2024-04-23T09:52:47+00:00","twitter_card":"summary_large_image","twitter_misc":{"Est. reading time":"1 minute"},"schema":{"@context":"https:\/\/schema.org","@graph":[{"@type":"WebPage","@id":"https:\/\/www.elixirhotel.hu\/en\/medical-wellness\/dentistry\/","url":"https:\/\/www.elixirhotel.hu\/en\/medical-wellness\/dentistry\/","name":"Dentistry &#8212; Elix\u00edr Medical Wellness Hotel &#8212;","isPartOf":{"@id":"https:\/\/www.elixirhotel.hu\/en\/#website"},"datePublished":"2024-02-15T14:41:14+00:00","dateModified":"2024-04-23T09:52:47+00:00","description":"NorDent Smile dentistry is located in M\u00f3ra-Vit\u00e1l health center in the direct neighborhood of Elix\u00edr Medical Wellness Hotel. The dentistry is directly connected with the hotel on the first floor, so the guests may easily, without obstacles reach their dentist situated on the same level as their room.","breadcrumb":{"@id":"https:\/\/www.elixirhotel.hu\/en\/medical-wellness\/dentistry\/#breadcrumb"},"inLanguage":"en-US","potentialAction":[{"@type":"ReadAction","target":["https:\/\/www.elixirhotel.hu\/en\/medical-wellness\/dentistry\/"]}]},{"@type":"BreadcrumbList","@id":"https:\/\/www.elixirhotel.hu\/en\/medical-wellness\/dentistry\/#breadcrumb","itemListElement":[{"@type":"ListItem","position":1,"name":"Home","item":"https:\/\/www.elixirhotel.hu\/en\/elixir-medical-wellness-hotel\/"},{"@type":"ListItem","position":2,"name":"Medical wellness","item":"https:\/\/www.elixirhotel.hu\/en\/medical-wellness\/"},{"@type":"ListItem","position":3,"name":"Dentistry"}]},{"@type":"WebSite","@id":"https:\/\/www.elixirhotel.hu\/en\/#website","url":"https:\/\/www.elixirhotel.hu\/en\/","name":"Elix\u00edr Medical Wellness Hotel","description":"","publisher":{"@id":"https:\/\/www.elixirhotel.hu\/en\/#organization"},"potentialAction":[{"@type":"SearchAction","target":{"@type":"EntryPoint","urlTemplate":"https:\/\/www.elixirhotel.hu\/en\/?s={search_term_string}"},"query-input":"required name=search_term_string"}],"inLanguage":"en-US"},{"@type":"Organization","@id":"https:\/\/www.elixirhotel.hu\/en\/#organization","name":"Elix\u00edr Medical Wellness Hotel","url":"https:\/\/www.elixirhotel.hu\/en\/","logo":{"@type":"ImageObject","inLanguage":"en-US","@id":"https:\/\/www.elixirhotel.hu\/en\/#\/schema\/logo\/image\/","url":"https:\/\/elixir-medicalwellness-hotel.ms2.decms.eu\/wp-content\/uploads\/sites\/99\/2024\/04\/logo-elixir-medical-hotel.png","contentUrl":"https:\/\/elixir-medicalwellness-hotel.ms2.decms.eu\/wp-content\/uploads\/sites\/99\/2024\/04\/logo-elixir-medical-hotel.png","width":1714,"height":800,"caption":"Elix\u00edr Medical Wellness Hotel"},"image":{"@id":"https:\/\/www.elixirhotel.hu\/en\/#\/schema\/logo\/image\/"},"sameAs":["https:\/\/www.facebook.com\/elixirhotel\/","https:\/\/www.youtube.com\/@elixirhotel9201","https:\/\/www.instagram.com\/elixirhotel\/"]}]}},"acf":[],"_links":{"self":[{"href":"https:\/\/www.elixirhotel.hu\/en\/wp-json\/wp\/v2\/pages\/248"}],"collection":[{"href":"https:\/\/www.elixirhotel.hu\/en\/wp-json\/wp\/v2\/pages"}],"about":[{"href":"https:\/\/www.elixirhotel.hu\/en\/wp-json\/wp\/v2\/types\/page"}],"author":[{"embeddable":true,"href":"https:\/\/www.elixirhotel.hu\/en\/wp-json\/wp\/v2\/users\/8"}],"replies":[{"embeddable":true,"href":"https:\/\/www.elixirhotel.hu\/en\/wp-json\/wp\/v2\/comments?post=248"}],"version-history":[{"count":0,"href":"https:\/\/www.elixirhotel.hu\/en\/wp-json\/wp\/v2\/pages\/248\/revisions"}],"up":[{"embeddable":true,"href":"https:\/\/www.elixirhotel.hu\/en\/wp-json\/wp\/v2\/pages\/213"}],"wp:attachment":[{"href":"https:\/\/www.elixirhotel.hu\/en\/wp-json\/wp\/v2\/media?parent=248"}],"curies":[{"name":"wp","href":"https:\/\/api.w.org\/{rel}","templated":true}]}}