{"id":2,"date":"2024-01-25T15:15:31","date_gmt":"2024-01-25T15:15:31","guid":{"rendered":"http:\/\/elixir-medicalwellness-hotel.ms2.decms.eu\/?page_id=2"},"modified":"2024-06-06T14:11:27","modified_gmt":"2024-06-06T14:11:27","slug":"elixir-medical-wellness-hotel","status":"publish","type":"page","link":"https:\/\/www.elixirhotel.hu\/en\/","title":{"rendered":"Elix\u00edr Medical Wellness Hotel"},"content":{"rendered":"<p>Our hotel opened in 2015 in the center of M\u00f3rahalom as a medical wellness hotel with 29 rooms and 64 beds.<\/p>\n<p>In 2021, we added 2 more rooms on the ground floor, and in response to the needs of families visiting us, we converted the larger double rooms into triple rooms, so the hotel currently operates with 31 rooms and 81 beds.<\/p>\n<p>Our rooms are located on the two storeys of the hotel, as well as on the ground floor.<\/p>\n<p>The building has a restaurant, treatment rooms, a medical treatment room, a wellness department (Spa Relax room, therapeutic pool, Finnish sauna) and the Family Kuck\u00f3 play area.<\/p>\n","protected":false},"excerpt":{"rendered":"<p>Our hotel opened in 2015 in the center of M\u00f3rahalom as a medical wellness hotel with 29 rooms and 64 beds. In 2021, we added 2 more rooms on the ground floor, and in response to the needs of families visiting us, we converted the larger double rooms into triple rooms, so the hotel currently [&hellip;]<\/p>\n","protected":false},"author":8,"featured_media":0,"parent":0,"menu_order":0,"comment_status":"closed","ping_status":"closed","template":"","meta":{"footnotes":""},"yoast_head":"<!-- This site is optimized with the Yoast SEO plugin v22.3 - https:\/\/yoast.com\/wordpress\/plugins\/seo\/ -->\n<title>Elix\u00edr Medical Wellness Hotel &#8212; Elix\u00edr Medical Wellness Hotel &#8212;<\/title>\n<meta name=\"description\" content=\"Our hotel opened in 2015 in the center of M\u00f3rahalom as a medical wellness hotel with 29 rooms and 64 beds.  In 2021, we added 2 more rooms on the ground floor, and in response to the needs of families visiting us, we converted the larger double rooms into triple rooms, so the hotel currently operates with 31 rooms and 81 beds.  Our rooms are located on the two storeys of the hotel, as well as on the ground floor.  The building has a restaurant, treatment rooms, a medical treatment room, a wellness department (Spa Relax room, therapeutic pool, Finnish sauna) and the Family Kuck\u00f3 play area..\" \/>\n<meta name=\"robots\" content=\"index, follow, max-snippet:-1, max-image-preview:large, max-video-preview:-1\" \/>\n<link rel=\"canonical\" href=\"https:\/\/www.elixirhotel.hu\/en\/\" \/>\n<meta property=\"og:locale\" content=\"en_US\" \/>\n<meta property=\"og:type\" content=\"article\" \/>\n<meta property=\"og:title\" content=\"Elix\u00edr Medical Wellness Hotel &#8212; Elix\u00edr Medical Wellness Hotel &#8212;\" \/>\n<meta property=\"og:description\" content=\"Our hotel opened in 2015 in the center of M\u00f3rahalom as a medical wellness hotel with 29 rooms and 64 beds.  In 2021, we added 2 more rooms on the ground floor, and in response to the needs of families visiting us, we converted the larger double rooms into triple rooms, so the hotel currently operates with 31 rooms and 81 beds.  Our rooms are located on the two storeys of the hotel, as well as on the ground floor.  The building has a restaurant, treatment rooms, a medical treatment room, a wellness department (Spa Relax room, therapeutic pool, Finnish sauna) and the Family Kuck\u00f3 play area..\" \/>\n<meta property=\"og:url\" content=\"https:\/\/www.elixirhotel.hu\/en\/\" \/>\n<meta property=\"og:site_name\" content=\"Elix\u00edr Medical Wellness Hotel\" \/>\n<meta property=\"article:publisher\" content=\"https:\/\/www.facebook.com\/elixirhotel\/\" \/>\n<meta property=\"article:modified_time\" content=\"2024-06-06T14:11:27+00:00\" \/>\n<meta name=\"twitter:card\" content=\"summary_large_image\" \/>\n<meta name=\"twitter:label1\" content=\"Est. reading time\" \/>\n\t<meta name=\"twitter:data1\" content=\"1 minute\" \/>\n<script type=\"application\/ld+json\" class=\"yoast-schema-graph\">{\"@context\":\"https:\/\/schema.org\",\"@graph\":[{\"@type\":\"WebPage\",\"@id\":\"https:\/\/www.elixirhotel.hu\/en\/\",\"url\":\"https:\/\/www.elixirhotel.hu\/en\/\",\"name\":\"Elix\u00edr Medical Wellness Hotel &#8212; Elix\u00edr Medical Wellness Hotel &#8212;\",\"isPartOf\":{\"@id\":\"https:\/\/www.elixirhotel.hu\/en\/#website\"},\"datePublished\":\"2024-01-25T15:15:31+00:00\",\"dateModified\":\"2024-06-06T14:11:27+00:00\",\"description\":\"Our hotel opened in 2015 in the center of M\u00f3rahalom as a medical wellness hotel with 29 rooms and 64 beds. In 2021, we added 2 more rooms on the ground floor, and in response to the needs of families visiting us, we converted the larger double rooms into triple rooms, so the hotel currently operates with 31 rooms and 81 beds. Our rooms are located on the two storeys of the hotel, as well as on the ground floor. The building has a restaurant, treatment rooms, a medical treatment room, a wellness department (Spa Relax room, therapeutic pool, Finnish sauna) and the Family Kuck\u00f3 play area..\",\"breadcrumb\":{\"@id\":\"https:\/\/www.elixirhotel.hu\/en\/#breadcrumb\"},\"inLanguage\":\"en-US\",\"potentialAction\":[{\"@type\":\"ReadAction\",\"target\":[\"https:\/\/www.elixirhotel.hu\/en\/\"]}]},{\"@type\":\"BreadcrumbList\",\"@id\":\"https:\/\/www.elixirhotel.hu\/en\/#breadcrumb\",\"itemListElement\":[{\"@type\":\"ListItem\",\"position\":1,\"name\":\"Home\",\"item\":\"https:\/\/www.elixirhotel.hu\/en\/elixir-medical-wellness-hotel\/\"},{\"@type\":\"ListItem\",\"position\":2,\"name\":\"Elix\u00edr Medical Wellness Hotel\"}]},{\"@type\":\"WebSite\",\"@id\":\"https:\/\/www.elixirhotel.hu\/en\/#website\",\"url\":\"https:\/\/www.elixirhotel.hu\/en\/\",\"name\":\"Elix\u00edr Medical Wellness Hotel\",\"description\":\"\",\"publisher\":{\"@id\":\"https:\/\/www.elixirhotel.hu\/en\/#organization\"},\"potentialAction\":[{\"@type\":\"SearchAction\",\"target\":{\"@type\":\"EntryPoint\",\"urlTemplate\":\"https:\/\/www.elixirhotel.hu\/en\/?s={search_term_string}\"},\"query-input\":\"required name=search_term_string\"}],\"inLanguage\":\"en-US\"},{\"@type\":\"Organization\",\"@id\":\"https:\/\/www.elixirhotel.hu\/en\/#organization\",\"name\":\"Elix\u00edr Medical Wellness Hotel\",\"url\":\"https:\/\/www.elixirhotel.hu\/en\/\",\"logo\":{\"@type\":\"ImageObject\",\"inLanguage\":\"en-US\",\"@id\":\"https:\/\/www.elixirhotel.hu\/en\/#\/schema\/logo\/image\/\",\"url\":\"https:\/\/elixir-medicalwellness-hotel.ms2.decms.eu\/wp-content\/uploads\/sites\/99\/2024\/04\/logo-elixir-medical-hotel.png\",\"contentUrl\":\"https:\/\/elixir-medicalwellness-hotel.ms2.decms.eu\/wp-content\/uploads\/sites\/99\/2024\/04\/logo-elixir-medical-hotel.png\",\"width\":1714,\"height\":800,\"caption\":\"Elix\u00edr Medical Wellness Hotel\"},\"image\":{\"@id\":\"https:\/\/www.elixirhotel.hu\/en\/#\/schema\/logo\/image\/\"},\"sameAs\":[\"https:\/\/www.facebook.com\/elixirhotel\/\",\"https:\/\/www.youtube.com\/@elixirhotel9201\",\"https:\/\/www.instagram.com\/elixirhotel\/\"]}]}<\/script>\n<!-- \/ Yoast SEO plugin. -->","yoast_head_json":{"title":"Elix\u00edr Medical Wellness Hotel &#8212; Elix\u00edr Medical Wellness Hotel &#8212;","description":"Our hotel opened in 2015 in the center of M\u00f3rahalom as a medical wellness hotel with 29 rooms and 64 beds.  In 2021, we added 2 more rooms on the ground floor, and in response to the needs of families visiting us, we converted the larger double rooms into triple rooms, so the hotel currently operates with 31 rooms and 81 beds.  Our rooms are located on the two storeys of the hotel, as well as on the ground floor.  The building has a restaurant, treatment rooms, a medical treatment room, a wellness department (Spa Relax room, therapeutic pool, Finnish sauna) and the Family Kuck\u00f3 play area..","robots":{"index":"index","follow":"follow","max-snippet":"max-snippet:-1","max-image-preview":"max-image-preview:large","max-video-preview":"max-video-preview:-1"},"canonical":"https:\/\/www.elixirhotel.hu\/en\/","og_locale":"en_US","og_type":"article","og_title":"Elix\u00edr Medical Wellness Hotel &#8212; Elix\u00edr Medical Wellness Hotel &#8212;","og_description":"Our hotel opened in 2015 in the center of M\u00f3rahalom as a medical wellness hotel with 29 rooms and 64 beds.  In 2021, we added 2 more rooms on the ground floor, and in response to the needs of families visiting us, we converted the larger double rooms into triple rooms, so the hotel currently operates with 31 rooms and 81 beds.  Our rooms are located on the two storeys of the hotel, as well as on the ground floor.  The building has a restaurant, treatment rooms, a medical treatment room, a wellness department (Spa Relax room, therapeutic pool, Finnish sauna) and the Family Kuck\u00f3 play area..","og_url":"https:\/\/www.elixirhotel.hu\/en\/","og_site_name":"Elix\u00edr Medical Wellness Hotel","article_publisher":"https:\/\/www.facebook.com\/elixirhotel\/","article_modified_time":"2024-06-06T14:11:27+00:00","twitter_card":"summary_large_image","twitter_misc":{"Est. reading time":"1 minute"},"schema":{"@context":"https:\/\/schema.org","@graph":[{"@type":"WebPage","@id":"https:\/\/www.elixirhotel.hu\/en\/","url":"https:\/\/www.elixirhotel.hu\/en\/","name":"Elix\u00edr Medical Wellness Hotel &#8212; Elix\u00edr Medical Wellness Hotel &#8212;","isPartOf":{"@id":"https:\/\/www.elixirhotel.hu\/en\/#website"},"datePublished":"2024-01-25T15:15:31+00:00","dateModified":"2024-06-06T14:11:27+00:00","description":"Our hotel opened in 2015 in the center of M\u00f3rahalom as a medical wellness hotel with 29 rooms and 64 beds. In 2021, we added 2 more rooms on the ground floor, and in response to the needs of families visiting us, we converted the larger double rooms into triple rooms, so the hotel currently operates with 31 rooms and 81 beds. Our rooms are located on the two storeys of the hotel, as well as on the ground floor. The building has a restaurant, treatment rooms, a medical treatment room, a wellness department (Spa Relax room, therapeutic pool, Finnish sauna) and the Family Kuck\u00f3 play area..","breadcrumb":{"@id":"https:\/\/www.elixirhotel.hu\/en\/#breadcrumb"},"inLanguage":"en-US","potentialAction":[{"@type":"ReadAction","target":["https:\/\/www.elixirhotel.hu\/en\/"]}]},{"@type":"BreadcrumbList","@id":"https:\/\/www.elixirhotel.hu\/en\/#breadcrumb","itemListElement":[{"@type":"ListItem","position":1,"name":"Home","item":"https:\/\/www.elixirhotel.hu\/en\/elixir-medical-wellness-hotel\/"},{"@type":"ListItem","position":2,"name":"Elix\u00edr Medical Wellness Hotel"}]},{"@type":"WebSite","@id":"https:\/\/www.elixirhotel.hu\/en\/#website","url":"https:\/\/www.elixirhotel.hu\/en\/","name":"Elix\u00edr Medical Wellness Hotel","description":"","publisher":{"@id":"https:\/\/www.elixirhotel.hu\/en\/#organization"},"potentialAction":[{"@type":"SearchAction","target":{"@type":"EntryPoint","urlTemplate":"https:\/\/www.elixirhotel.hu\/en\/?s={search_term_string}"},"query-input":"required name=search_term_string"}],"inLanguage":"en-US"},{"@type":"Organization","@id":"https:\/\/www.elixirhotel.hu\/en\/#organization","name":"Elix\u00edr Medical Wellness Hotel","url":"https:\/\/www.elixirhotel.hu\/en\/","logo":{"@type":"ImageObject","inLanguage":"en-US","@id":"https:\/\/www.elixirhotel.hu\/en\/#\/schema\/logo\/image\/","url":"https:\/\/elixir-medicalwellness-hotel.ms2.decms.eu\/wp-content\/uploads\/sites\/99\/2024\/04\/logo-elixir-medical-hotel.png","contentUrl":"https:\/\/elixir-medicalwellness-hotel.ms2.decms.eu\/wp-content\/uploads\/sites\/99\/2024\/04\/logo-elixir-medical-hotel.png","width":1714,"height":800,"caption":"Elix\u00edr Medical Wellness Hotel"},"image":{"@id":"https:\/\/www.elixirhotel.hu\/en\/#\/schema\/logo\/image\/"},"sameAs":["https:\/\/www.facebook.com\/elixirhotel\/","https:\/\/www.youtube.com\/@elixirhotel9201","https:\/\/www.instagram.com\/elixirhotel\/"]}]}},"acf":[],"_links":{"self":[{"href":"https:\/\/www.elixirhotel.hu\/en\/wp-json\/wp\/v2\/pages\/2"}],"collection":[{"href":"https:\/\/www.elixirhotel.hu\/en\/wp-json\/wp\/v2\/pages"}],"about":[{"href":"https:\/\/www.elixirhotel.hu\/en\/wp-json\/wp\/v2\/types\/page"}],"author":[{"embeddable":true,"href":"https:\/\/www.elixirhotel.hu\/en\/wp-json\/wp\/v2\/users\/8"}],"replies":[{"embeddable":true,"href":"https:\/\/www.elixirhotel.hu\/en\/wp-json\/wp\/v2\/comments?post=2"}],"version-history":[{"count":0,"href":"https:\/\/www.elixirhotel.hu\/en\/wp-json\/wp\/v2\/pages\/2\/revisions"}],"wp:attachment":[{"href":"https:\/\/www.elixirhotel.hu\/en\/wp-json\/wp\/v2\/media?parent=2"}],"curies":[{"name":"wp","href":"https:\/\/api.w.org\/{rel}","templated":true}]}}